{"id":4705,"date":"2026-04-07T16:42:00","date_gmt":"2026-04-07T08:42:00","guid":{"rendered":"https:\/\/hunter.poker\/?page_id=4705"},"modified":"2026-04-05T03:33:43","modified_gmt":"2026-04-04T19:33:43","slug":"betonline-poker-review","status":"publish","type":"page","link":"https:\/\/hunter.poker\/vi\/betonline-poker-review\/","title":{"rendered":"C\u00e1 c\u01b0\u1ee3c Poker Tr\u1ef1c tuy\u1ebfn"},"content":{"rendered":"<div data-elementor-type=\"wp-page\" data-elementor-id=\"4705\" class=\"elementor elementor-4705\">\n\t\t\t\t<div class=\"elementor-element elementor-element-8d3122d e-flex e-con-boxed wpr-particle-no wpr-jarallax-no wpr-parallax-no wpr-sticky-section-no e-con e-parent\" data-id=\"8d3122d\" data-element_type=\"container\" data-e-type=\"container\">\n\t\t\t\t\t<div class=\"e-con-inner\">\n\t\t\t\t<div class=\"elementor-element elementor-element-c054024 premium-title-color elementor-widget elementor-widget-premium-addon-title\" data-id=\"c054024\" data-element_type=\"widget\" data-e-type=\"widget\" data-widget_type=\"premium-addon-title.default\">\n\t\t\t\t\t\n\t\t<div class=\"premium-title-container style1\">\n\t\t\t<h1 class=\"premium-title-header premium-title-style1\">\n\t\t\t\t\n\t\t\t\t\n\t\t\t\t\t\t\t\t\t\t\t\t<span class=\"premium-title-text\">\n\t\t\t\t\tBetOnline Poker Review\t\t\t\t<\/span>\n\t\t\t\t\t\n\t\t\t\t\t\t\t\t\n\t\t\t\t\t\t\t<\/h1>\n\n\t\t<\/div>\n\n\t\t\t\t\t\t<\/div>\n\t\t<div class=\"elementor-element elementor-element-a4b3e51 e-con-full e-flex wpr-particle-no wpr-jarallax-no wpr-parallax-no wpr-sticky-section-no e-con e-child\" data-id=\"a4b3e51\" data-element_type=\"container\" data-e-type=\"container\">\n\t\t\t\t<div class=\"elementor-element elementor-element-60b39a5 elementor-widget elementor-widget-text-editor\" data-id=\"60b39a5\" data-element_type=\"widget\" data-e-type=\"widget\" data-widget_type=\"text-editor.default\">\n\t\t\t\t\t\t\t\t\t<h3>T\u1ed5ng quan v\u1ec1 n\u1ec1n t\u1ea3ng<\/h3><p><span style=\"color: #333300;\"><span class=\"hover:entity-accent entity-underline inline cursor-pointer align-baseline\"><span class=\"whitespace-normal\">C\u00e1 c\u01b0\u1ee3c Poker Tr\u1ef1c tuy\u1ebfn <\/span><\/span>\u662f\u5317\u7f8e\u5e02\u5834\u6d3b\u8e8d\u7684\u7dda\u4e0a\u5fb7\u5dde\u64b2\u514b\u724c\u5e73\u53f0\u4e4b\u4e00\uff0c\u96b8\u5c6c\u65bc <span class=\"hover:entity-accent entity-underline inline cursor-pointer align-baseline\"><span class=\"whitespace-normal\">Chico Poker Network<\/span><\/span>\u3002\u5e73\u53f0\u4e3b\u8981\u9762\u5411\u7f8e\u570b\u53ca\u570b\u969b\u73a9\u5bb6\uff0c\u63d0\u4f9b\u7a69\u5b9a\u7684\u73fe\u91d1\u684c\u8207\u9326\u6a19\u8cfd\u74b0\u5883\u3002<br \/><\/span><\/p><p><span style=\"color: #333300;\">\u4f5c\u70ba\u7d9c\u5408\u578b\u5a1b\u6a02\u5e73\u53f0\u7684\u4e00\u90e8\u5206\uff0cBetOnline Poker \u7d50\u5408\u9ad4\u80b2\u6295\u6ce8\u8207\u8ced\u5834\u696d\u52d9\uff0c\u5f62\u6210\u591a\u5143\u5316\u7528\u6236\u4f86\u6e90\uff0c\u4f7f\u5176\u64b2\u514b\u751f\u614b\u5177\u5099\u4e00\u5b9a\u5a1b\u6a02\u5c6c\u6027\u8207\u73a9\u5bb6\u6d41\u52d5\u6027\u3002 <\/span><\/p><figure id=\"attachment_4706\" aria-describedby=\"caption-attachment-4706\" style=\"width: 300px\" class=\"wp-caption alignnone\"><img decoding=\"async\" class=\"size-medium wp-image-4706\" src=\"https:\/\/hunter.poker\/wp-content\/uploads\/2026\/04\/Logo_of_the_BetOnline_company-300x113.png\" alt=\"BetOnline Poker Review \u2013 \u7dda\u4e0a\u5fb7\u5dde\u64b2\u514b\u724c\u5e73\u53f0\u6a19\u8a8c\u8207\u54c1\u724cLogo\" width=\"300\" height=\"113\" srcset=\"https:\/\/hunter.poker\/wp-content\/uploads\/2026\/04\/Logo_of_the_BetOnline_company-300x113.png 300w, https:\/\/hunter.poker\/wp-content\/uploads\/2026\/04\/Logo_of_the_BetOnline_company-18x7.png 18w, https:\/\/hunter.poker\/wp-content\/uploads\/2026\/04\/Logo_of_the_BetOnline_company.png 360w\" sizes=\"(max-width: 300px) 100vw, 300px\" \/><figcaption id=\"caption-attachment-4706\" class=\"wp-caption-text\"><span style=\"color: #333300;\"><em>BetOnline Poker \u662f\u5317\u7f8e\u5e02\u5834\u6d3b\u8e8d\u7684\u7dda\u4e0a\u64b2\u514b\u5e73\u53f0\u4e4b\u4e00\uff0c\u4e3b\u6253\u7a69\u5b9a\u73fe\u91d1\u684c\u8207\u5a1b\u6a02\u578b\u751f\u614b\u3002<\/em><\/span><\/figcaption><\/figure><h3>C\u00e1c t\u00ednh n\u0103ng ch\u00ednh<\/h3><h4>\u5317\u7f8e\u73a9\u5bb6\u751f\u614b\uff08US-facing \u5e73\u53f0\uff09<\/h4><p><span style=\"color: #333300;\">BetOnline Poker \u4e3b\u8981\u9762\u5411\u7f8e\u570b\u5e02\u5834\uff1a<br \/><\/span><span style=\"color: #333300;\">\u2192 \u652f\u6301\u7f8e\u570b\u73a9\u5bb6\u53c3\u8207<br \/>\u2192 \u73a9\u5bb6\u7fa4\u9ad4\u4ee5\u5317\u7f8e\u70ba\u4e3b<br \/>\u2192 \u5c0d\u5c40\u98a8\u683c\u504f\u5a1b\u6a02\u8207\u9032\u653b<br \/><\/span><span style=\"color: #333300;\">\u2192 \u5c0d\u65bc\u5e0c\u671b\u9032\u5165\u7f8e\u570b\u5e02\u5834\u7684\u73a9\u5bb6\u5177\u6709\u4e00\u5b9a\u5438\u5f15\u529b\u3002<br \/><\/span><\/p><h4>\u73fe\u91d1\u684c\u7a69\u5b9a\u6027<\/h4><p><span style=\"color: #333300;\">\u5e73\u53f0\u63d0\u4f9b\u6301\u7e8c\u904b\u884c\u7684\u73fe\u91d1\u684c\u74b0\u5883\uff1a<br \/><\/span><span style=\"color: #333300;\">\u2192 \u591a\u7d1a\u5225\u76f2\u6ce8\uff08\u5fae\u984d\u81f3\u4e2d\u9ad8\u984d\uff09<br \/>\u2192 24\u5c0f\u6642\u6301\u7e8c\u958b\u684c<br \/>\u2192 \u73a9\u5bb6\u6d41\u52d5\u7a69\u5b9a<br \/><\/span><span style=\"color: #333300;\">\u2192 \u9069\u5408\u9577\u671f\u6253\u91cf\uff08Volume\uff09\u7684\u73a9\u5bb6\u3002<br \/><\/span><\/p><h4>\u8cfd\u4e8b\u9ad4\u7cfb\uff08\u4e2d\u7b49\u898f\u6a21 MTT\uff09<\/h4><p><span style=\"color: #333300;\">BetOnline Poker \u63d0\u4f9b\u5e38\u898f\u9326\u6a19\u8cfd\uff1a<br \/><\/span><span style=\"color: #333300;\">\u2192 \u6bcf\u65e5 MTT<br \/>\u2192 \u9031\u672b\u4fdd\u8b49\u8cfd\u4e8b<br \/>\u2192 \u4e2d\u7b49\u898f\u6a21\u734e\u6c60<br \/><\/span><span style=\"color: #333300;\">\u2192 \u76f8\u6bd4\u9802\u7d1a\u5e73\u53f0\uff0c\u8cfd\u4e8b\u898f\u6a21\u9069\u4e2d\u4f46\u53c3\u8207\u58d3\u529b\u8f03\u4f4e\u3002<br \/><\/span><\/p><h4>\u5a1b\u6a02\u578b\u73a9\u5bb6\u4f86\u6e90<\/h4><p><span style=\"color: #333300;\">\u7531\u65bc\u5e73\u53f0\u7d50\u5408\u9ad4\u80b2\u8207\u5a1b\u6a02\u5834\u696d\u52d9\uff1a<br \/><\/span><span style=\"color: #333300;\">\u2192 \u5f15\u5165\u975e\u5c08\u696d\u73a9\u5bb6<br \/>\u2192 \u5c0d\u5c40\u6574\u9ad4\u8f03\u9b06\uff08Soft Field\uff09<br \/>\u2192 \u5a1b\u6a02\u73a9\u5bb6\u6bd4\u4f8b\u8f03\u9ad8<br \/><\/span><span style=\"color: #333300;\">\u2192 \u63d0\u4f9b\u4e00\u5b9a\u76c8\u5229\u7a7a\u9593\u3002<br \/><\/span><\/p><h4>\u52a0\u5bc6\u8ca8\u5e63\u652f\u4ed8\u652f\u6301<\/h4><p><span style=\"color: #333300;\">BetOnline Poker \u652f\u6301\u591a\u7a2e\u52a0\u5bc6\u8ca8\u5e63\uff1a<br \/><\/span><span style=\"color: #333300;\">\u2192 Bitcoin \/ USDT \u7b49<br \/>\u2192 \u5145\u503c\u8207\u63d0\u73fe\u901f\u5ea6\u8f03\u5feb<br \/>\u2192 \u8de8\u5883\u652f\u4ed8\u66f4\u4fbf\u6377<br \/><\/span><span style=\"color: #333300;\">\u2192 \u5c0d\u570b\u969b\u73a9\u5bb6\u8f03\u70ba\u53cb\u597d\u3002<br \/><\/span><\/p><h4>\u5b89\u5168\u6027\u8207\u7cfb\u7d71\u7a69\u5b9a<\/h4><p><span style=\"color: #333300;\">\u5e73\u53f0\u5177\u5099\u57fa\u790e\u5b89\u5168\u67b6\u69cb\uff1a<br \/><\/span><span style=\"color: #333300;\">\u2192 RNG \u767c\u724c\u7cfb\u7d71<br \/>\u2192 \u5e33\u6236\u8207\u8cc7\u91d1\u4fdd\u8b77\u6a5f\u5236<br \/>\u2192 \u57fa\u790e\u53cd\u4f5c\u5f0a\u7cfb\u7d71<br \/><\/span><\/p><p><span style=\"color: #333300;\">\u6574\u9ad4\u5b89\u5168\u6027\u7a69\u5b9a\uff0c\u4f46\u900f\u660e\u5ea6\u76f8\u8f03\u9802\u7d1a\u54c1\u724c\u7565\u4f4e\u3002 <\/span><\/p><h3>\u01afu \u0111i\u1ec3m v\u00e0 bi\u1ec7n ph\u00e1p ph\u00f2ng ng\u1eeba<\/h3><h4>Thu\u1eadn l\u1ee3i<\/h4><p><span style=\"color: #333300;\">\u2192 \u652f\u6301\u7f8e\u570b\u73a9\u5bb6<br \/>\u2192 \u5a1b\u6a02\u73a9\u5bb6\u8f03\u591a\uff0c\u684c\u6cc1\u8f03\u8edf<br \/>\u2192 \u52a0\u5bc6\u8ca8\u5e63\u652f\u4ed8\u6210\u719f<br \/>\u2192 \u73fe\u91d1\u684c\u7a69\u5b9a<br \/><\/span><\/p><h4>C\u00e1c bi\u1ec7n ph\u00e1p ph\u00f2ng ng\u1eeba<\/h4><p><span style=\"color: #333300;\">\u2192 \u8cfd\u4e8b\u898f\u6a21\u6709\u9650<br \/>\u2192 \u54c1\u724c\u5f71\u97ff\u529b\u4e0d\u53ca\u9802\u7d1a\u5e73\u53f0<br \/>\u2192 \u73a9\u5bb6\u6c34\u5e73\u5dee\u7570\u8f03\u5927<br \/><\/span><\/p><h3>BetOnline Poker Review \u5c08\u696d\u8a55\u50f9\uff08\u9069\u5408\u73a9\u5bb6\u985e\u578b\uff09<\/h3><div style=\"overflow-x: auto;\"><table style=\"width: 100%; border-collapse: collapse; font-size: 16px; background: #fff; border: 1px solid #e5e5e5;\"><thead><tr style=\"background: #111; color: #fff;\"><th style=\"padding: 14px; border: 1px solid #e5e5e5; text-align: center;\">C\u00e1c lo\u1ea1i ng\u01b0\u1eddi ch\u01a1i<\/th><th style=\"padding: 14px; border: 1px solid #e5e5e5; text-align: center;\">s\u1ef1 ph\u00f9 h\u1ee3p<\/th><\/tr><\/thead><tbody><tr><td style=\"padding: 14px; border: 1px solid #e5e5e5; text-align: center;\">Ng\u01b0\u1eddi ch\u01a1i m\u1edbi<\/td><td style=\"padding: 14px; border: 1px solid #e5e5e5; text-align: center;\">\u2b50\u2b50\u2b50\u2b50<\/td><\/tr><tr style=\"background: #fafafa;\"><td style=\"padding: 14px; border: 1px solid #e5e5e5; text-align: center;\">Ng\u01b0\u1eddi ch\u01a1i gi\u1ea3i tr\u00ed<\/td><td style=\"padding: 14px; border: 1px solid #e5e5e5; text-align: center;\">\u2b50\u2b50\u2b50\u2b50\u2b50<\/td><\/tr><tr><td style=\"padding: 14px; border: 1px solid #e5e5e5; text-align: center;\">Ng\u01b0\u1eddi ch\u01a1i MTT<\/td><td style=\"padding: 14px; border: 1px solid #e5e5e5; text-align: center;\">\u2b50\u2b50\u2b50\u2b50<\/td><\/tr><tr style=\"background: #fafafa;\"><td style=\"padding: 14px; border: 1px solid #e5e5e5; text-align: center;\">M\u00e1y xay b\u00e0n thu ng\u00e2n<\/td><td style=\"padding: 14px; border: 1px solid #e5e5e5; text-align: center;\">\u2b50\u2b50\u2b50\u2b50<\/td><\/tr><tr><td style=\"padding: 14px; border: 1px solid #e5e5e5; text-align: center;\">Game th\u1ee7 chuy\u00ean nghi\u1ec7p thu\u1ea7n t\u00fay v\u1ec1 k\u1ef9 thu\u1eadt<\/td><td style=\"padding: 14px; border: 1px solid #e5e5e5; text-align: center;\">\u2b50\u2b50\u2b50\u2b50<\/td><\/tr><\/tbody><\/table><\/div><h3>T\u00f3m t\u1eaft<\/h3><p><span style=\"color: #333300;\"><span class=\"hover:entity-accent entity-underline inline cursor-pointer align-baseline\"><span class=\"whitespace-normal\">C\u00e1 c\u01b0\u1ee3c Poker Tr\u1ef1c tuy\u1ebfn <\/span><\/span>\u662f\u4e00\u500b\u4ee5\u300c\u5317\u7f8e\u5e02\u5834 + \u5a1b\u6a02\u751f\u614b + \u52a0\u5bc6\u652f\u4ed8\u300d\u70ba\u6838\u5fc3\u7684\u7dda\u4e0a\u64b2\u514b\u5e73\u53f0\uff0c\u6574\u9ad4\u74b0\u5883\u504f\u5411\u8f15\u9b06\u8207\u7a69\u5b9a\u3002<br \/><\/span><\/p><p><span style=\"color: #333300;\">N\u1ebfu m\u1ee5c ti\u00eau c\u1ee7a b\u1ea1n l\u00e0:<br \/>\u2192 \u5c0d\u6297\u5a1b\u6a02\u578b\u73a9\u5bb6<br \/>\u2192 \u4f7f\u7528\u52a0\u5bc6\u8ca8\u5e63\u9032\u884c\u8cc7\u91d1\u64cd\u4f5c<br \/>\u2192 \u5728\u7a69\u5b9a\u73fe\u91d1\u684c\u74b0\u5883\u4e2d\u6253\u91cf <\/span><\/p><p><span style=\"color: #333300;\">\u90a3\u9ebc BetOnline Poker \u6703\u662f\u4e00\u500b\u5177\u5099\u5be6\u7528\u50f9\u503c\u7684\u9078\u64c7\u3002 <\/span><\/p><p><!-- CTA --><\/p><p style=\"text-align: center;\"><span style=\"color: #333300;\"><br \/>\u60f3\u9ad4\u9a57\u5317\u7f8e\u73a9\u5bb6\u5c0d\u5c40\u8207\u7a69\u5b9a\u73fe\u91d1\u684c\u74b0\u5883\uff1f\u9ede\u64ca\u4e0b\u65b9\u9032\u5165 BetOnline Poker \u5b98\u65b9\u5e73\u53f0\uff0c\u67e5\u770b\u7576\u524d\u958b\u653e\u7684\u724c\u684c\u8207\u8cfd\u4e8b\u3002<br \/><\/span><\/p><p style=\"text-align: center;\"><a style=\"display: inline-block; background: #4CAF50; color: #fff; padding: 14px 28px; font-size: 18px; border-radius: 8px; text-decoration: none; font-weight: 600;\" href=\"https:\/\/www.betonline.ag\/poker\" target=\"_blank\" rel=\"noopener\">\u9032\u5165 BetOnline Poker \u5e73\u53f0<br \/><\/a><\/p>\t\t\t\t\t\t\t\t<\/div>\n\t\t\t\t<\/div>\n\t\t\t\t\t<\/div>\n\t\t\t\t<\/div>\n\t\t\t\t<\/div>","protected":false},"excerpt":{"rendered":"<p>BetOnline Poker Review \u5e73\u53f0\u6982\u8ff0 BetOnline Poker \u662f\u5317\u7f8e\u5e02\u5834\u6d3b\u8e8d\u7684\u7dda\u4e0a\u5fb7\u5dde\u64b2\u514b\u724c\u5e73\u53f0\u4e4b\u4e00\uff0c\u96b8\u5c6c\u65bc Chico Poker Network\u3002\u5e73\u53f0\u4e3b\u8981\u9762\u5411\u7f8e\u570b\u53ca\u570b\u969b\u73a9\u5bb6\uff0c\u63d0\u4f9b\u7a69\u5b9a\u7684\u73fe\u91d1\u684c\u8207\u9326\u6a19\u8cfd\u74b0\u5883\u3002 \u4f5c\u70ba\u7d9c\u5408\u578b\u5a1b\u6a02\u5e73\u53f0\u7684\u4e00\u90e8\u5206\uff0cBetOnline Poker \u7d50\u5408\u9ad4\u80b2\u6295\u6ce8\u8207\u8ced\u5834\u696d\u52d9\uff0c\u5f62\u6210\u591a\u5143\u5316\u7528\u6236\u4f86\u6e90\uff0c\u4f7f\u5176\u64b2\u514b\u751f\u614b\u5177\u5099\u4e00\u5b9a\u5a1b\u6a02\u5c6c\u6027\u8207\u73a9\u5bb6\u6d41\u52d5\u6027\u3002 \u6838\u5fc3\u7279\u8272 \u5317\u7f8e\u73a9\u5bb6\u751f\u614b\uff08US-facing \u5e73\u53f0\uff09 BetOnline Poker \u4e3b\u8981\u9762\u5411\u7f8e\u570b\u5e02\u5834\uff1a\u2192 \u652f\u6301\u7f8e\u570b\u73a9\u5bb6\u53c3\u8207\u2192 \u73a9\u5bb6\u7fa4\u9ad4\u4ee5\u5317\u7f8e\u70ba\u4e3b\u2192 \u5c0d\u5c40\u98a8\u683c\u504f\u5a1b\u6a02\u8207\u9032\u653b\u2192 \u5c0d\u65bc\u5e0c\u671b\u9032\u5165\u7f8e\u570b\u5e02\u5834\u7684\u73a9\u5bb6\u5177\u6709\u4e00\u5b9a\u5438\u5f15\u529b\u3002 \u73fe\u91d1\u684c\u7a69\u5b9a\u6027 \u5e73\u53f0\u63d0\u4f9b\u6301\u7e8c\u904b\u884c\u7684\u73fe\u91d1\u684c\u74b0\u5883\uff1a\u2192 \u591a\u7d1a\u5225\u76f2\u6ce8\uff08\u5fae\u984d\u81f3\u4e2d\u9ad8\u984d\uff09\u2192 24\u5c0f\u6642\u6301\u7e8c\u958b\u684c\u2192 \u73a9\u5bb6\u6d41\u52d5\u7a69\u5b9a\u2192 \u9069\u5408\u9577\u671f\u6253\u91cf\uff08Volume\uff09\u7684\u73a9\u5bb6\u3002 \u8cfd\u4e8b\u9ad4\u7cfb\uff08\u4e2d\u7b49\u898f\u6a21 MTT\uff09 BetOnline Poker \u63d0\u4f9b\u5e38\u898f\u9326\u6a19\u8cfd\uff1a\u2192 \u6bcf\u65e5 MTT\u2192 \u9031\u672b\u4fdd\u8b49\u8cfd\u4e8b\u2192 \u4e2d\u7b49\u898f\u6a21\u734e\u6c60\u2192 \u76f8\u6bd4\u9802\u7d1a\u5e73\u53f0\uff0c\u8cfd\u4e8b\u898f\u6a21\u9069\u4e2d\u4f46\u53c3\u8207\u58d3\u529b\u8f03\u4f4e\u3002 \u5a1b\u6a02\u578b\u73a9\u5bb6\u4f86\u6e90 \u7531\u65bc\u5e73\u53f0\u7d50\u5408\u9ad4\u80b2\u8207\u5a1b\u6a02\u5834\u696d\u52d9\uff1a\u2192 \u5f15\u5165\u975e\u5c08\u696d\u73a9\u5bb6\u2192 \u5c0d\u5c40\u6574\u9ad4\u8f03\u9b06\uff08Soft Field\uff09\u2192 \u5a1b\u6a02\u73a9\u5bb6\u6bd4\u4f8b\u8f03\u9ad8\u2192 \u63d0\u4f9b\u4e00\u5b9a\u76c8\u5229\u7a7a\u9593\u3002 \u52a0\u5bc6\u8ca8\u5e63\u652f\u4ed8\u652f\u6301 BetOnline Poker \u652f\u6301\u591a\u7a2e\u52a0\u5bc6\u8ca8\u5e63\uff1a\u2192 Bitcoin \/ USDT \u7b49\u2192 \u5145\u503c\u8207\u63d0\u73fe\u901f\u5ea6\u8f03\u5feb\u2192 \u8de8\u5883\u652f\u4ed8\u66f4\u4fbf\u6377\u2192 \u5c0d\u570b\u969b\u73a9\u5bb6\u8f03\u70ba\u53cb\u597d\u3002 \u5b89\u5168\u6027\u8207\u7cfb\u7d71\u7a69\u5b9a \u5e73\u53f0\u5177\u5099\u57fa\u790e\u5b89\u5168\u67b6\u69cb\uff1a\u2192 RNG \u767c\u724c\u7cfb\u7d71\u2192 \u5e33\u6236\u8207\u8cc7\u91d1\u4fdd\u8b77\u6a5f\u5236\u2192 \u57fa\u790e\u53cd\u4f5c\u5f0a\u7cfb\u7d71 \u6574\u9ad4\u5b89\u5168\u6027\u7a69\u5b9a\uff0c\u4f46\u900f\u660e\u5ea6\u76f8\u8f03\u9802\u7d1a\u54c1\u724c\u7565\u4f4e\u3002 \u512a\u52e2\u8207\u6ce8\u610f\u4e8b\u9805 \u512a\u52e2 \u2192 \u652f\u6301\u7f8e\u570b\u73a9\u5bb6\u2192 \u5a1b\u6a02\u73a9\u5bb6\u8f03\u591a\uff0c\u684c\u6cc1\u8f03\u8edf\u2192 \u52a0\u5bc6\u8ca8\u5e63\u652f\u4ed8\u6210\u719f\u2192 \u73fe\u91d1\u684c\u7a69\u5b9a \u6ce8\u610f\u4e8b\u9805 \u2192 \u8cfd\u4e8b\u898f\u6a21\u6709\u9650\u2192 \u54c1\u724c\u5f71\u97ff\u529b\u4e0d\u53ca\u9802\u7d1a\u5e73\u53f0\u2192 \u73a9\u5bb6\u6c34\u5e73\u5dee\u7570\u8f03\u5927 BetOnline Poker Review \u5c08\u696d\u8a55\u50f9\uff08\u9069\u5408\u73a9\u5bb6\u985e\u578b\uff09 \u73a9\u5bb6\u985e\u578b \u9069\u5408\u7a0b\u5ea6 \u65b0\u624b\u73a9\u5bb6 \u2b50\u2b50\u2b50\u2b50 \u5a1b\u6a02\u73a9\u5bb6 \u2b50\u2b50\u2b50\u2b50\u2b50 MTT \u73a9\u5bb6 \u2b50\u2b50\u2b50\u2b50 \u73fe\u91d1\u684c Grinder \u2b50\u2b50\u2b50\u2b50 \u7d14\u6280\u8853\u8077\u696d\u73a9\u5bb6 \u2b50\u2b50\u2b50\u2b50 \u7e3d\u7d50 BetOnline Poker \u662f\u4e00\u500b\u4ee5\u300c\u5317\u7f8e\u5e02\u5834 + \u5a1b\u6a02\u751f\u614b + \u52a0\u5bc6\u652f\u4ed8\u300d\u70ba\u6838\u5fc3\u7684\u7dda\u4e0a\u64b2\u514b\u5e73\u53f0\uff0c\u6574\u9ad4\u74b0\u5883\u504f\u5411\u8f15\u9b06\u8207\u7a69\u5b9a\u3002 \u5982\u679c\u4f60\u7684\u76ee\u6a19\u662f\uff1a\u2192 \u5c0d\u6297\u5a1b\u6a02\u578b\u73a9\u5bb6\u2192 \u4f7f\u7528\u52a0\u5bc6\u8ca8\u5e63\u9032\u884c\u8cc7\u91d1\u64cd\u4f5c\u2192 \u5728\u7a69\u5b9a\u73fe\u91d1\u684c\u74b0\u5883<\/p>","protected":false},"author":4,"featured_media":4706,"parent":0,"menu_order":0,"comment_status":"closed","ping_status":"closed","template":"","meta":{"_acf_changed":false,"_eb_attr":"","site-sidebar-layout":"no-sidebar","site-content-layout":"","ast-site-content-layout":"full-width-container","site-content-style":"default","site-sidebar-style":"default","ast-global-header-display":"","ast-banner-title-visibility":"","ast-main-header-display":"","ast-hfb-above-header-display":"","ast-hfb-below-header-display":"","ast-hfb-mobile-header-display":"","site-post-title":"disabled","ast-breadcrumbs-content":"","ast-featured-img":"disabled","footer-sml-layout":"","ast-disable-related-posts":"","theme-transparent-header-meta":"","adv-header-id-meta":"","stick-header-meta":"","header-above-stick-meta":"","header-main-stick-meta":"","header-below-stick-meta":"","astra-migrate-meta-layouts":"default","ast-page-background-enabled":"default","ast-page-background-meta":{"desktop":{"background-color":"var(--ast-global-color-5)","background-image":"","background-repeat":"repeat","background-position":"center center","background-size":"auto","background-attachment":"scroll","background-type":"","background-media":"","overlay-type":"","overlay-color":"","overlay-opacity":"","overlay-gradient":""},"tablet":{"background-color":"","background-image":"","background-repeat":"repeat","background-position":"center center","background-size":"auto","background-attachment":"scroll","background-type":"","background-media":"","overlay-type":"","overlay-color":"","overlay-opacity":"","overlay-gradient":""},"mobile":{"background-color":"","background-image":"","background-repeat":"repeat","background-position":"center center","background-size":"auto","background-attachment":"scroll","background-type":"","background-media":"","overlay-type":"","overlay-color":"","overlay-opacity":"","overlay-gradient":""}},"ast-content-background-meta":{"desktop":{"background-color":"var(--ast-global-color-4)","background-image":"","background-repeat":"repeat","background-position":"center center","background-size":"auto","background-attachment":"scroll","background-type":"","background-media":"","overlay-type":"","overlay-color":"","overlay-opacity":"","overlay-gradient":""},"tablet":{"background-color":"var(--ast-global-color-4)","background-image":"","background-repeat":"repeat","background-position":"center center","background-size":"auto","background-attachment":"scroll","background-type":"","background-media":"","overlay-type":"","overlay-color":"","overlay-opacity":"","overlay-gradient":""},"mobile":{"background-color":"var(--ast-global-color-4)","background-image":"","background-repeat":"repeat","background-position":"center center","background-size":"auto","background-attachment":"scroll","background-type":"","background-media":"","overlay-type":"","overlay-color":"","overlay-opacity":"","overlay-gradient":""}},"footnotes":""},"class_list":["post-4705","page","type-page","status-publish","has-post-thumbnail","hentry"],"acf":[],"_links":{"self":[{"href":"https:\/\/hunter.poker\/vi\/wp-json\/wp\/v2\/pages\/4705","targetHints":{"allow":["GET"]}}],"collection":[{"href":"https:\/\/hunter.poker\/vi\/wp-json\/wp\/v2\/pages"}],"about":[{"href":"https:\/\/hunter.poker\/vi\/wp-json\/wp\/v2\/types\/page"}],"author":[{"embeddable":true,"href":"https:\/\/hunter.poker\/vi\/wp-json\/wp\/v2\/users\/4"}],"replies":[{"embeddable":true,"href":"https:\/\/hunter.poker\/vi\/wp-json\/wp\/v2\/comments?post=4705"}],"version-history":[{"count":10,"href":"https:\/\/hunter.poker\/vi\/wp-json\/wp\/v2\/pages\/4705\/revisions"}],"predecessor-version":[{"id":4761,"href":"https:\/\/hunter.poker\/vi\/wp-json\/wp\/v2\/pages\/4705\/revisions\/4761"}],"wp:featuredmedia":[{"embeddable":true,"href":"https:\/\/hunter.poker\/vi\/wp-json\/wp\/v2\/media\/4706"}],"wp:attachment":[{"href":"https:\/\/hunter.poker\/vi\/wp-json\/wp\/v2\/media?parent=4705"}],"curies":[{"name":"wp","href":"https:\/\/api.w.org\/{rel}","templated":true}]}}