{"id":4820,"date":"2026-04-09T19:23:00","date_gmt":"2026-04-09T11:23:00","guid":{"rendered":"https:\/\/hunter.poker\/?page_id=4820"},"modified":"2026-04-05T11:25:14","modified_gmt":"2026-04-05T03:25:14","slug":"suprema-poker-review","status":"publish","type":"page","link":"https:\/\/hunter.poker\/vi\/suprema-poker-review\/","title":{"rendered":"Suprema Poker"},"content":{"rendered":"<div data-elementor-type=\"wp-page\" data-elementor-id=\"4820\" class=\"elementor elementor-4820\">\n\t\t\t\t<div class=\"elementor-element elementor-element-8d3122d e-flex e-con-boxed wpr-particle-no wpr-jarallax-no wpr-parallax-no wpr-sticky-section-no e-con e-parent\" data-id=\"8d3122d\" data-element_type=\"container\" data-e-type=\"container\">\n\t\t\t\t\t<div class=\"e-con-inner\">\n\t\t\t\t<div class=\"elementor-element elementor-element-c054024 premium-title-color elementor-widget elementor-widget-premium-addon-title\" data-id=\"c054024\" data-element_type=\"widget\" data-e-type=\"widget\" data-widget_type=\"premium-addon-title.default\">\n\t\t\t\t\t\n\t\t<div class=\"premium-title-container style1\">\n\t\t\t<h1 class=\"premium-title-header premium-title-style1\">\n\t\t\t\t\n\t\t\t\t\n\t\t\t\t\t\t\t\t\t\t\t\t<span class=\"premium-title-text\">\n\t\t\t\t\tSuprema Poker Review\t\t\t\t<\/span>\n\t\t\t\t\t\n\t\t\t\t\t\t\t\t\n\t\t\t\t\t\t\t<\/h1>\n\n\t\t<\/div>\n\n\t\t\t\t\t\t<\/div>\n\t\t<div class=\"elementor-element elementor-element-a4b3e51 e-con-full e-flex wpr-particle-no wpr-jarallax-no wpr-parallax-no wpr-sticky-section-no e-con e-child\" data-id=\"a4b3e51\" data-element_type=\"container\" data-e-type=\"container\">\n\t\t\t\t<div class=\"elementor-element elementor-element-60b39a5 elementor-widget elementor-widget-text-editor\" data-id=\"60b39a5\" data-element_type=\"widget\" data-e-type=\"widget\" data-widget_type=\"text-editor.default\">\n\t\t\t\t\t\t\t\t\t<h3>T\u1ed5ng quan v\u1ec1 n\u1ec1n t\u1ea3ng<\/h3><p><span style=\"color: #333300;\"><span class=\"hover:entity-accent entity-underline inline cursor-pointer align-baseline\"><span class=\"whitespace-normal\">Suprema Poker <\/span><\/span>\u662f\u8fd1\u5e74\u6765\u5728\u4e9a\u6d32\u5e02\u573a\u9010\u6e10\u6d3b\u8dc3\u7684\u7ebf\u4e0a\u5fb7\u5dde\u64b2\u514b\u5e73\u53f0\u4e4b\u4e00\uff0c\u4e3b\u6253\u300c\u4ff1\u6a02\u90e8\u5236\uff08Club-based\uff09\u300d\u73a9\u6cd5\uff0c\u4e0e UPoker\u3001PokerBros\u3001PPP Poker \u5c5e\u4e8e\u540c\u4e00\u7c7b\u578b\u751f\u6001\u3002<br \/><\/span><\/p><p><span style=\"color: #333300;\">\u5e73\u53f0\u901a\u8fc7\u4ff1\u4e50\u90e8\u4e0e\u4ee3\u7406\u4f53\u7cfb\u5efa\u7acb\u73a9\u5bb6\u5bf9\u5c40\u73af\u5883\uff0c\u4e0d\u63d0\u4f9b\u4f20\u7edf\u516c\u5171\u73a9\u5bb6\u6c60\uff0c\u800c\u662f\u4ee5\u79c1\u4eba\u5c40\u4e0e\u793e\u7fa4\u8fd0\u4f5c\u4e3a\u6838\u5fc3\uff0c\u4f7f\u6574\u4f53\u5bf9\u5c40\u66f4\u5177\u7075\u6d3b\u6027\u4e0e\u533a\u57df\u7279\u8272\u3002<br \/><\/span><\/p><figure id=\"attachment_4821\" aria-describedby=\"caption-attachment-4821\" style=\"width: 300px\" class=\"wp-caption alignnone\"><img fetchpriority=\"high\" decoding=\"async\" class=\"size-medium wp-image-4821\" src=\"https:\/\/hunter.poker\/wp-content\/uploads\/2026\/04\/suprema-poker-300x169.webp\" alt=\"Suprema Poker Review \u2013 \u4ff1\u6a02\u90e8\u5236\u5fb7\u5dde\u64b2\u514b\u5e73\u53f0\u6a19\u8a8c\u8207\u54c1\u724cLogo\" width=\"300\" height=\"169\" srcset=\"https:\/\/hunter.poker\/wp-content\/uploads\/2026\/04\/suprema-poker-300x169.webp 300w, https:\/\/hunter.poker\/wp-content\/uploads\/2026\/04\/suprema-poker-1024x576.webp 1024w, https:\/\/hunter.poker\/wp-content\/uploads\/2026\/04\/suprema-poker-768x432.webp 768w, https:\/\/hunter.poker\/wp-content\/uploads\/2026\/04\/suprema-poker-1536x864.webp 1536w, https:\/\/hunter.poker\/wp-content\/uploads\/2026\/04\/suprema-poker-18x10.webp 18w, https:\/\/hunter.poker\/wp-content\/uploads\/2026\/04\/suprema-poker.webp 1920w\" sizes=\"(max-width: 300px) 100vw, 300px\" \/><figcaption id=\"caption-attachment-4821\" class=\"wp-caption-text\">Suprema Poker \u662f\u4e3b\u6253\u4ff1\u6a02\u90e8\u5236\u8207\u79c1\u4eba\u5c40\u5c0d\u5c40\u7684\u7dda\u4e0a\u64b2\u514b\u5e73\u53f0\u3002<\/figcaption><\/figure><h3>C\u00e1c t\u00ednh n\u0103ng ch\u00ednh<\/h3><h4>\u4ff1\u6a02\u90e8\u5236\u904b\u4f5c\u6a21\u5f0f\uff08Club-based System\uff09<\/h4><p><span style=\"color: #333300;\">Suprema Poker \u63a1\u7528\u4ff1\u6a02\u90e8\u7cfb\u7d71\uff1a<br \/><\/span><span style=\"color: #333300;\">1. \u73a9\u5bb6\u9700\u52a0\u5165\u4ff1\u6a02\u90e8<br \/>2. \u7531\u4ff1\u6a02\u90e8\u8ca0\u8cac\u958b\u684c\u8207\u7ba1\u7406<br \/>3. \u7121\u7d71\u4e00\u516c\u958b\u73a9\u5bb6\u6c60<br \/><\/span><\/p><p><span style=\"color: #333300;\">\u2192 \u6bcf\u500b\u4ff1\u6a02\u90e8\u5373\u70ba\u7368\u7acb\u5c0d\u5c40\u751f\u614b\u3002<br \/><\/span><\/p><h4>\u806f\u76df\u6a5f\u5236\u8207\u73a9\u5bb6\u6d41\u91cf<\/h4><p><span style=\"color: #333300;\">\u90e8\u5206\u4ff1\u6a02\u90e8\u6703\u7d44\u6210\u806f\u76df\uff1a<br \/><\/span><span style=\"color: #333300;\">1. \u64f4\u5927\u73a9\u5bb6\u6c60<br \/>2. \u63d0\u9ad8\u958b\u684c\u983b\u7387<br \/>3. \u589e\u52a0\u8cfd\u4e8b\u898f\u6a21<br \/><\/span><\/p><p><span style=\"color: #333300;\">\u2192 \u63d0\u4f9b\u66f4\u7a69\u5b9a\u7684\u5c0d\u5c40\u74b0\u5883\u3002<br \/><\/span><\/p><h4>\u591a\u5143\u73a9\u6cd5\u8207\u9ad8\u5ea6\u81ea\u8a02<\/h4><p><span style=\"color: #333300;\">\u5e73\u53f0\u652f\u63f4\u591a\u7a2e\u73a9\u6cd5\uff1a<br \/><\/span><span style=\"color: #333300;\">1. \u73fe\u91d1\u684c\uff08Cash Game\uff09<br \/>2. \u79c1\u4eba\u5c40\uff08Private Table\uff09<br \/>3. MTT \u9326\u6a19\u8cfd<br \/>4. \u7279\u6b8a\u73a9\u6cd5\uff08\u77ed\u724c\u7b49\uff09<br \/><\/span><\/p><p><span style=\"color: #333300;\">\u2192 \u9069\u5408\u793e\u7fa4\u8207\u4ff1\u6a02\u90e8\u904b\u71df\u3002<br \/><\/span><\/p><h4>\u4e9e\u6d32\u5e02\u5834\u8207\u5340\u57df\u73a9\u5bb6<\/h4><p><span style=\"color: #333300;\">Suprema Poker \u73a9\u5bb6\u4e3b\u8981\u96c6\u4e2d\u65bc\uff1a<br \/><\/span><span style=\"color: #333300;\">1. \u6771\u5357\u4e9e<br \/>2. \u83ef\u8a9e\u5e02\u5834<br \/>3. \u5730\u5340\u6027\u73a9\u5bb6\u793e\u7fa4<br \/><\/span><\/p><p><span style=\"color: #333300;\">\u2192 \u5c0d\u5c40\u98a8\u683c\u5177\u6709\u660e\u986f\u5340\u57df\u7279\u6027\u3002<br \/><\/span><\/p><h4>\u8cc7\u91d1\u8207\u652f\u4ed8\u6a21\u5f0f\uff08\u975e\u5b98\u65b9\u6258\u7ba1\uff09<\/h4><p><span style=\"color: #333300;\">\u5e73\u53f0\u672c\u8eab\u4e0d\u76f4\u63a5\u8655\u7406\u8cc7\u91d1\uff1a<br \/><\/span><span style=\"color: #333300;\">1. \u7531\u4ff1\u6a02\u90e8\u6216\u4ee3\u7406\u8ca0\u8cac\u7d50\u7b97<br \/>2. \u5e38\u898b\u4f7f\u7528 USDT \/ \u73fe\u91d1 \/ \u8f49\u5e33<br \/><\/span><\/p><p><span style=\"color: #333300;\">\u2192 \u9748\u6d3b\u4f46\u4f9d\u8cf4\u4fe1\u4efb\u9ad4\u7cfb\u3002<br \/><\/span><\/p><h4>\u8edf\u9ad4\u8207\u4f7f\u7528\u9ad4\u9a57<\/h4><p><span style=\"color: #333300;\">Suprema Poker \u63d0\u4f9b\u7a69\u5b9a\u61c9\u7528\uff1a<br \/><\/span><span style=\"color: #333300;\">1. \u884c\u52d5\u7aef\u512a\u5316\u826f\u597d<br \/>2. \u652f\u63f4\u591a\u684c\u64cd\u4f5c<br \/>3. \u64cd\u4f5c\u7c21\u6f54<br \/><\/span><\/p><p><span style=\"color: #333300;\">\u2192 \u9069\u5408\u9577\u6642\u9593\u5c0d\u5c40\u8207\u793e\u7fa4\u4f7f\u7528\u3002<br \/><\/span><\/p><h4>\u98a8\u96aa\u8207\u4fe1\u4efb\u554f\u984c<\/h4><p><span style=\"color: #333300;\">\u4ff1\u6a02\u90e8\u5236\u5e36\u4f86\u4e00\u5b9a\u98a8\u96aa\uff1a<br \/><\/span><span style=\"color: #333300;\">1. \u7121\u7d71\u4e00\u8cc7\u91d1\u4fdd\u969c<br \/>2. \u9700\u4f9d\u8cf4\u4ee3\u7406\u8207\u4ff1\u6a02\u90e8<br \/>3. \u73a9\u5bb6\u9700\u81ea\u884c\u8a55\u4f30\u5b89\u5168\u6027<br \/><\/span><\/p><p><span style=\"color: #333300;\">\u2192 \u9078\u64c7\u53ef\u9760\u4ff1\u6a02\u90e8\u975e\u5e38\u91cd\u8981\u3002<br \/><\/span><\/p><h3>\u01afu \u0111i\u1ec3m v\u00e0 bi\u1ec7n ph\u00e1p ph\u00f2ng ng\u1eeba<\/h3><h4>Thu\u1eadn l\u1ee3i<\/h4><p><span style=\"color: #333300;\">\u2192 \u9ad8\u5ea6\u9748\u6d3b\u73a9\u6cd5<br \/>\u2192 \u9069\u5408\u79c1\u4eba\u5c40\u8207\u793e\u7fa4<br \/>\u2192 \u4e9e\u6d32\u5e02\u5834\u6d3b\u8e8d<br \/>\u2192 \u806f\u76df\u53ef\u64f4\u5927\u73a9\u5bb6\u6c60<br \/><\/span><\/p><h4>C\u00e1c bi\u1ec7n ph\u00e1p ph\u00f2ng ng\u1eeba<\/h4><p><span style=\"color: #333300;\">\u2192 \u975e\u5b98\u65b9\u8cc7\u91d1\u6258\u7ba1<br \/>\u2192 \u4fe1\u4efb\u98a8\u96aa\u8f03\u9ad8<br \/>\u2192 \u5c0d\u65b0\u624b\u4e0d\u53cb\u597d<br \/><\/span><\/p><h3>Suprema Poker Review \u5c08\u696d\u8a55\u50f9\uff08\u9069\u5408\u73a9\u5bb6\u985e\u578b\uff09<\/h3><div style=\"overflow-x: auto;\"><table style=\"width: 100%; border-collapse: collapse; font-size: 16px; background: #fff; border: 1px solid #e5e5e5;\"><thead><tr style=\"background: #111; color: #fff;\"><th style=\"padding: 14px; border: 1px solid #e5e5e5; text-align: center;\">C\u00e1c lo\u1ea1i ng\u01b0\u1eddi ch\u01a1i<\/th><th style=\"padding: 14px; border: 1px solid #e5e5e5; text-align: center;\">s\u1ef1 ph\u00f9 h\u1ee3p<\/th><\/tr><\/thead><tbody><tr><td style=\"padding: 14px; border: 1px solid #e5e5e5; text-align: center;\">Ng\u01b0\u1eddi ch\u01a1i m\u1edbi<\/td><td style=\"padding: 14px; border: 1px solid #e5e5e5; text-align: center;\">\u2b50\u2b50\u2b50<\/td><\/tr><tr style=\"background: #fafafa;\"><td style=\"padding: 14px; border: 1px solid #e5e5e5; text-align: center;\">Ng\u01b0\u1eddi ch\u01a1i gi\u1ea3i tr\u00ed<\/td><td style=\"padding: 14px; border: 1px solid #e5e5e5; text-align: center;\">\u2b50\u2b50\u2b50\u2b50<\/td><\/tr><tr><td style=\"padding: 14px; border: 1px solid #e5e5e5; text-align: center;\">Ng\u01b0\u1eddi ch\u01a1i MTT<\/td><td style=\"padding: 14px; border: 1px solid #e5e5e5; text-align: center;\">\u2b50\u2b50\u2b50\u2b50<\/td><\/tr><tr style=\"background: #fafafa;\"><td style=\"padding: 14px; border: 1px solid #e5e5e5; text-align: center;\">M\u00e1y xay b\u00e0n thu ng\u00e2n<\/td><td style=\"padding: 14px; border: 1px solid #e5e5e5; text-align: center;\">\u2b50\u2b50\u2b50\u2b50\u2b50<\/td><\/tr><tr><td style=\"padding: 14px; border: 1px solid #e5e5e5; text-align: center;\">\u4ff1\u6a02\u90e8\u7d93\u71df\u8005<\/td><td style=\"padding: 14px; border: 1px solid #e5e5e5; text-align: center;\">\u2b50\u2b50\u2b50\u2b50\u2b50<\/td><\/tr><\/tbody><\/table><\/div><h3>T\u00f3m t\u1eaft<\/h3><p><span style=\"color: #333300;\"><span class=\"hover:entity-accent entity-underline inline cursor-pointer align-baseline\"><span class=\"whitespace-normal\">Suprema Poker <\/span><\/span>\u662f\u4e00\u500b\u4ee5\u300c\u4ff1\u6a02\u90e8\u5236 + \u79c1\u4eba\u5c40 + \u4e9e\u6d32\u5e02\u5834\u300d\u70ba\u6838\u5fc3\u7684\u7dda\u4e0a\u64b2\u514b\u5e73\u53f0\uff0c\u6574\u9ad4\u904b\u4f5c\u8207\u50b3\u7d71\u5e73\u53f0\u6709\u660e\u986f\u5dee\u7570\u3002<br \/><\/span><\/p><p><span style=\"color: #333300;\">N\u1ebfu m\u1ee5c ti\u00eau c\u1ee7a b\u1ea1n l\u00e0:<br \/>\u2192 \u53c3\u8207\u793e\u7fa4\u6216\u4ff1\u6a02\u90e8\u5c0d\u5c40<br \/>\u2192 \u5efa\u7acb\u79c1\u4eba\u724c\u5c40<br \/>\u2192 \u5728\u53ef\u63a7\u74b0\u5883\u4e2d\u9577\u671f\u5c0d\u5c40<br \/><\/span><\/p><p><span style=\"color: #333300;\">\u90a3\u9ebc Suprema Poker \u6703\u662f\u4e00\u500b\u9748\u6d3b\u4e14\u5177\u64f4\u5c55\u6027\u7684\u9078\u64c7\u3002<br \/><\/span><\/p><p><!-- CTA --><\/p><p style=\"text-align: center;\"><span style=\"color: #333300;\"><br \/>\u60f3\u9ad4\u9a57\u4ff1\u6a02\u90e8\u5236\u5fb7\u5dde\u64b2\u514b\u8207\u79c1\u4eba\u5c40\u73a9\u6cd5\uff1f\u9ede\u64ca\u4e0b\u65b9\u9032\u5165 Suprema Poker \u5b98\u65b9\u5e73\u53f0\uff0c\u4e86\u89e3\u66f4\u591a\u73a9\u6cd5\u8207\u52a0\u5165\u65b9\u5f0f\u3002<br \/><\/span><\/p><p style=\"text-align: center;\"><a style=\"display: inline-block; background: #4CAF50; color: #fff; padding: 14px 28px; font-size: 18px; border-radius: 8px; text-decoration: none; font-weight: 600;\" href=\"https:\/\/supremapoker.net\/\" target=\"_blank\" rel=\"noopener\">\u9032\u5165 Suprema Poker \u5e73\u53f0<br \/><\/a><\/p>\t\t\t\t\t\t\t\t<\/div>\n\t\t\t\t<\/div>\n\t\t\t\t\t<\/div>\n\t\t\t\t<\/div>\n\t\t\t\t<\/div>","protected":false},"excerpt":{"rendered":"<p>Suprema Poker Review \u5e73\u53f0\u6982\u8ff0 Suprema Poker \u662f\u8fd1\u5e74\u6765\u5728\u4e9a\u6d32\u5e02\u573a\u9010\u6e10\u6d3b\u8dc3\u7684\u7ebf\u4e0a\u5fb7\u5dde\u64b2\u514b\u5e73\u53f0\u4e4b\u4e00\uff0c\u4e3b\u6253\u300c\u4ff1\u6a02\u90e8\u5236\uff08Club-based\uff09\u300d\u73a9\u6cd5\uff0c\u4e0e UPoker\u3001PokerBros\u3001PPP Poker \u5c5e\u4e8e\u540c\u4e00\u7c7b\u578b\u751f\u6001\u3002 \u5e73\u53f0\u901a\u8fc7\u4ff1\u4e50\u90e8\u4e0e\u4ee3\u7406\u4f53\u7cfb\u5efa\u7acb\u73a9\u5bb6\u5bf9\u5c40\u73af\u5883\uff0c\u4e0d\u63d0\u4f9b\u4f20\u7edf\u516c\u5171\u73a9\u5bb6\u6c60\uff0c\u800c\u662f\u4ee5\u79c1\u4eba\u5c40\u4e0e\u793e\u7fa4\u8fd0\u4f5c\u4e3a\u6838\u5fc3\uff0c\u4f7f\u6574\u4f53\u5bf9\u5c40\u66f4\u5177\u7075\u6d3b\u6027\u4e0e\u533a\u57df\u7279\u8272\u3002 \u6838\u5fc3\u7279\u8272 \u4ff1\u6a02\u90e8\u5236\u904b\u4f5c\u6a21\u5f0f\uff08Club-based System\uff09 Suprema Poker \u63a1\u7528\u4ff1\u6a02\u90e8\u7cfb\u7d71\uff1a1. \u73a9\u5bb6\u9700\u52a0\u5165\u4ff1\u6a02\u90e82. \u7531\u4ff1\u6a02\u90e8\u8ca0\u8cac\u958b\u684c\u8207\u7ba1\u74063. \u7121\u7d71\u4e00\u516c\u958b\u73a9\u5bb6\u6c60 \u2192 \u6bcf\u500b\u4ff1\u6a02\u90e8\u5373\u70ba\u7368\u7acb\u5c0d\u5c40\u751f\u614b\u3002 \u806f\u76df\u6a5f\u5236\u8207\u73a9\u5bb6\u6d41\u91cf \u90e8\u5206\u4ff1\u6a02\u90e8\u6703\u7d44\u6210\u806f\u76df\uff1a1. \u64f4\u5927\u73a9\u5bb6\u6c602. \u63d0\u9ad8\u958b\u684c\u983b\u73873. \u589e\u52a0\u8cfd\u4e8b\u898f\u6a21 \u2192 \u63d0\u4f9b\u66f4\u7a69\u5b9a\u7684\u5c0d\u5c40\u74b0\u5883\u3002 \u591a\u5143\u73a9\u6cd5\u8207\u9ad8\u5ea6\u81ea\u8a02 \u5e73\u53f0\u652f\u63f4\u591a\u7a2e\u73a9\u6cd5\uff1a1. \u73fe\u91d1\u684c\uff08Cash Game\uff092. \u79c1\u4eba\u5c40\uff08Private Table\uff093. MTT \u9326\u6a19\u8cfd4. \u7279\u6b8a\u73a9\u6cd5\uff08\u77ed\u724c\u7b49\uff09 \u2192 \u9069\u5408\u793e\u7fa4\u8207\u4ff1\u6a02\u90e8\u904b\u71df\u3002 \u4e9e\u6d32\u5e02\u5834\u8207\u5340\u57df\u73a9\u5bb6 Suprema Poker \u73a9\u5bb6\u4e3b\u8981\u96c6\u4e2d\u65bc\uff1a1. \u6771\u5357\u4e9e2. \u83ef\u8a9e\u5e02\u58343. \u5730\u5340\u6027\u73a9\u5bb6\u793e\u7fa4 \u2192 \u5c0d\u5c40\u98a8\u683c\u5177\u6709\u660e\u986f\u5340\u57df\u7279\u6027\u3002 \u8cc7\u91d1\u8207\u652f\u4ed8\u6a21\u5f0f\uff08\u975e\u5b98\u65b9\u6258\u7ba1\uff09 \u5e73\u53f0\u672c\u8eab\u4e0d\u76f4\u63a5\u8655\u7406\u8cc7\u91d1\uff1a1. \u7531\u4ff1\u6a02\u90e8\u6216\u4ee3\u7406\u8ca0\u8cac\u7d50\u7b972. \u5e38\u898b\u4f7f\u7528 USDT \/ \u73fe\u91d1 \/ \u8f49\u5e33 \u2192 \u9748\u6d3b\u4f46\u4f9d\u8cf4\u4fe1\u4efb\u9ad4\u7cfb\u3002 \u8edf\u9ad4\u8207\u4f7f\u7528\u9ad4\u9a57 Suprema Poker \u63d0\u4f9b\u7a69\u5b9a\u61c9\u7528\uff1a1. \u884c\u52d5\u7aef\u512a\u5316\u826f\u597d2. \u652f\u63f4\u591a\u684c\u64cd\u4f5c3. \u64cd\u4f5c\u7c21\u6f54 \u2192 \u9069\u5408\u9577\u6642\u9593\u5c0d\u5c40\u8207\u793e\u7fa4\u4f7f\u7528\u3002 \u98a8\u96aa\u8207\u4fe1\u4efb\u554f\u984c \u4ff1\u6a02\u90e8\u5236\u5e36\u4f86\u4e00\u5b9a\u98a8\u96aa\uff1a1. \u7121\u7d71\u4e00\u8cc7\u91d1\u4fdd\u969c2. \u9700\u4f9d\u8cf4\u4ee3\u7406\u8207\u4ff1\u6a02\u90e83. \u73a9\u5bb6\u9700\u81ea\u884c\u8a55\u4f30\u5b89\u5168\u6027 \u2192 \u9078\u64c7\u53ef\u9760\u4ff1\u6a02\u90e8\u975e\u5e38\u91cd\u8981\u3002 \u512a\u52e2\u8207\u6ce8\u610f\u4e8b\u9805 \u512a\u52e2 \u2192 \u9ad8\u5ea6\u9748\u6d3b\u73a9\u6cd5\u2192 \u9069\u5408\u79c1\u4eba\u5c40\u8207\u793e\u7fa4\u2192 \u4e9e\u6d32\u5e02\u5834\u6d3b\u8e8d\u2192 \u806f\u76df\u53ef\u64f4\u5927\u73a9\u5bb6\u6c60 \u6ce8\u610f\u4e8b\u9805 \u2192 \u975e\u5b98\u65b9\u8cc7\u91d1\u6258\u7ba1\u2192 \u4fe1\u4efb\u98a8\u96aa\u8f03\u9ad8\u2192 \u5c0d\u65b0\u624b\u4e0d\u53cb\u597d Suprema Poker Review \u5c08\u696d\u8a55\u50f9\uff08\u9069\u5408\u73a9\u5bb6\u985e\u578b\uff09 \u73a9\u5bb6\u985e\u578b \u9069\u5408\u7a0b\u5ea6 \u65b0\u624b\u73a9\u5bb6 \u2b50\u2b50\u2b50 \u5a1b\u6a02\u73a9\u5bb6 \u2b50\u2b50\u2b50\u2b50 MTT \u73a9\u5bb6 \u2b50\u2b50\u2b50\u2b50 \u73fe\u91d1\u684c Grinder \u2b50\u2b50\u2b50\u2b50\u2b50 \u4ff1\u6a02\u90e8\u7d93\u71df\u8005 \u2b50\u2b50\u2b50\u2b50\u2b50 \u7e3d\u7d50 Suprema Poker \u662f\u4e00\u500b\u4ee5\u300c\u4ff1\u6a02\u90e8\u5236 + \u79c1\u4eba\u5c40 + \u4e9e\u6d32\u5e02\u5834\u300d\u70ba\u6838\u5fc3\u7684\u7dda\u4e0a\u64b2\u514b\u5e73\u53f0\uff0c\u6574\u9ad4\u904b\u4f5c\u8207\u50b3\u7d71\u5e73\u53f0\u6709\u660e\u986f\u5dee\u7570\u3002 <\/p>","protected":false},"author":2,"featured_media":4821,"parent":0,"menu_order":0,"comment_status":"closed","ping_status":"closed","template":"","meta":{"_acf_changed":false,"_eb_attr":"","site-sidebar-layout":"no-sidebar","site-content-layout":"","ast-site-content-layout":"full-width-container","site-content-style":"default","site-sidebar-style":"default","ast-global-header-display":"","ast-banner-title-visibility":"","ast-main-header-display":"","ast-hfb-above-header-display":"","ast-hfb-below-header-display":"","ast-hfb-mobile-header-display":"","site-post-title":"disabled","ast-breadcrumbs-content":"","ast-featured-img":"disabled","footer-sml-layout":"","ast-disable-related-posts":"","theme-transparent-header-meta":"","adv-header-id-meta":"","stick-header-meta":"","header-above-stick-meta":"","header-main-stick-meta":"","header-below-stick-meta":"","astra-migrate-meta-layouts":"default","ast-page-background-enabled":"default","ast-page-background-meta":{"desktop":{"background-color":"var(--ast-global-color-5)","background-image":"","background-repeat":"repeat","background-position":"center center","background-size":"auto","background-attachment":"scroll","background-type":"","background-media":"","overlay-type":"","overlay-color":"","overlay-opacity":"","overlay-gradient":""},"tablet":{"background-color":"","background-image":"","background-repeat":"repeat","background-position":"center center","background-size":"auto","background-attachment":"scroll","background-type":"","background-media":"","overlay-type":"","overlay-color":"","overlay-opacity":"","overlay-gradient":""},"mobile":{"background-color":"","background-image":"","background-repeat":"repeat","background-position":"center center","background-size":"auto","background-attachment":"scroll","background-type":"","background-media":"","overlay-type":"","overlay-color":"","overlay-opacity":"","overlay-gradient":""}},"ast-content-background-meta":{"desktop":{"background-color":"var(--ast-global-color-4)","background-image":"","background-repeat":"repeat","background-position":"center center","background-size":"auto","background-attachment":"scroll","background-type":"","background-media":"","overlay-type":"","overlay-color":"","overlay-opacity":"","overlay-gradient":""},"tablet":{"background-color":"var(--ast-global-color-4)","background-image":"","background-repeat":"repeat","background-position":"center center","background-size":"auto","background-attachment":"scroll","background-type":"","background-media":"","overlay-type":"","overlay-color":"","overlay-opacity":"","overlay-gradient":""},"mobile":{"background-color":"var(--ast-global-color-4)","background-image":"","background-repeat":"repeat","background-position":"center center","background-size":"auto","background-attachment":"scroll","background-type":"","background-media":"","overlay-type":"","overlay-color":"","overlay-opacity":"","overlay-gradient":""}},"footnotes":""},"class_list":["post-4820","page","type-page","status-publish","has-post-thumbnail","hentry"],"acf":[],"_links":{"self":[{"href":"https:\/\/hunter.poker\/vi\/wp-json\/wp\/v2\/pages\/4820","targetHints":{"allow":["GET"]}}],"collection":[{"href":"https:\/\/hunter.poker\/vi\/wp-json\/wp\/v2\/pages"}],"about":[{"href":"https:\/\/hunter.poker\/vi\/wp-json\/wp\/v2\/types\/page"}],"author":[{"embeddable":true,"href":"https:\/\/hunter.poker\/vi\/wp-json\/wp\/v2\/users\/2"}],"replies":[{"embeddable":true,"href":"https:\/\/hunter.poker\/vi\/wp-json\/wp\/v2\/comments?post=4820"}],"version-history":[{"count":4,"href":"https:\/\/hunter.poker\/vi\/wp-json\/wp\/v2\/pages\/4820\/revisions"}],"predecessor-version":[{"id":4825,"href":"https:\/\/hunter.poker\/vi\/wp-json\/wp\/v2\/pages\/4820\/revisions\/4825"}],"wp:featuredmedia":[{"embeddable":true,"href":"https:\/\/hunter.poker\/vi\/wp-json\/wp\/v2\/media\/4821"}],"wp:attachment":[{"href":"https:\/\/hunter.poker\/vi\/wp-json\/wp\/v2\/media?parent=4820"}],"curies":[{"name":"wp","href":"https:\/\/api.w.org\/{rel}","templated":true}]}}